{"id":753,"date":"2020-10-28T08:11:56","date_gmt":"2020-10-28T08:11:56","guid":{"rendered":"https:\/\/www.promovis.ch\/wordpress_r\/index.php\/about-1\/"},"modified":"2024-05-30T11:44:13","modified_gmt":"2024-05-30T11:44:13","slug":"wir-stellen-uns-vor","status":"publish","type":"page","link":"https:\/\/staging.catsitting-relax.ch\/index.php\/wir-stellen-uns-vor\/","title":{"rendered":"Wir stellen uns vor"},"content":{"rendered":"\t\t<div data-elementor-type=\"wp-page\" data-elementor-id=\"753\" class=\"elementor elementor-753\">\n\t\t\t\t\t\t<section class=\"elementor-section elementor-top-section elementor-element elementor-element-e64688e elementor-section-boxed elementor-section-height-default elementor-section-height-default\" data-id=\"e64688e\" data-element_type=\"section\" data-e-type=\"section\">\n\t\t\t\t\t\t<div class=\"elementor-container elementor-column-gap-default\">\n\t\t\t\t\t<div class=\"elementor-column elementor-col-20 elementor-top-column elementor-element elementor-element-af3f208\" data-id=\"af3f208\" data-element_type=\"column\" data-e-type=\"column\">\n\t\t\t<div class=\"elementor-widget-wrap elementor-element-populated\">\n\t\t\t\t\t\t<div class=\"elementor-element elementor-element-dc33052 elementor-widget elementor-widget-text-editor\" data-id=\"dc33052\" data-element_type=\"widget\" data-e-type=\"widget\" data-widget_type=\"text-editor.default\">\n\t\t\t\t<div class=\"elementor-widget-container\">\n\t\t\t\t\t\t\t\t\t<p>catsitting-relax<\/p>\t\t\t\t\t\t\t\t<\/div>\n\t\t\t\t<\/div>\n\t\t\t\t\t<\/div>\n\t\t<\/div>\n\t\t\t\t<div class=\"elementor-column elementor-col-20 elementor-top-column elementor-element elementor-element-b734778\" data-id=\"b734778\" data-element_type=\"column\" data-e-type=\"column\">\n\t\t\t<div class=\"elementor-widget-wrap elementor-element-populated\">\n\t\t\t\t\t\t<div class=\"elementor-element elementor-element-22d1a89 elementor-widget elementor-widget-text-editor\" data-id=\"22d1a89\" data-element_type=\"widget\" data-e-type=\"widget\" data-widget_type=\"text-editor.default\">\n\t\t\t\t<div class=\"elementor-widget-container\">\n\t\t\t\t\t\t\t\t\t<p>Spottenbergstrasse 27<\/p>\t\t\t\t\t\t\t\t<\/div>\n\t\t\t\t<\/div>\n\t\t\t\t\t<\/div>\n\t\t<\/div>\n\t\t\t\t<div class=\"elementor-column elementor-col-20 elementor-top-column elementor-element elementor-element-d9541c9\" data-id=\"d9541c9\" data-element_type=\"column\" data-e-type=\"column\">\n\t\t\t<div class=\"elementor-widget-wrap elementor-element-populated\">\n\t\t\t\t\t\t<div class=\"elementor-element elementor-element-7139d31 elementor-widget elementor-widget-text-editor\" data-id=\"7139d31\" data-element_type=\"widget\" data-e-type=\"widget\" data-widget_type=\"text-editor.default\">\n\t\t\t\t<div class=\"elementor-widget-container\">\n\t\t\t\t\t\t\t\t\t<p>8535 Herdern<\/p>\t\t\t\t\t\t\t\t<\/div>\n\t\t\t\t<\/div>\n\t\t\t\t\t<\/div>\n\t\t<\/div>\n\t\t\t\t<div class=\"elementor-column elementor-col-20 elementor-top-column elementor-element elementor-element-50859bf\" data-id=\"50859bf\" data-element_type=\"column\" data-e-type=\"column\">\n\t\t\t<div class=\"elementor-widget-wrap elementor-element-populated\">\n\t\t\t\t\t\t<div class=\"elementor-element elementor-element-037cba4 elementor-widget elementor-widget-text-editor\" data-id=\"037cba4\" data-element_type=\"widget\" data-e-type=\"widget\" data-widget_type=\"text-editor.default\">\n\t\t\t\t<div class=\"elementor-widget-container\">\n\t\t\t\t\t\t\t\t\t<p>079 542 20 33<\/p>\t\t\t\t\t\t\t\t<\/div>\n\t\t\t\t<\/div>\n\t\t\t\t\t<\/div>\n\t\t<\/div>\n\t\t\t\t<div class=\"elementor-column elementor-col-20 elementor-top-column elementor-element elementor-element-cccbaf3\" data-id=\"cccbaf3\" data-element_type=\"column\" data-e-type=\"column\">\n\t\t\t<div class=\"elementor-widget-wrap elementor-element-populated\">\n\t\t\t\t\t\t<div class=\"elementor-element elementor-element-96a626b elementor-widget elementor-widget-text-editor\" data-id=\"96a626b\" data-element_type=\"widget\" data-e-type=\"widget\" data-widget_type=\"text-editor.default\">\n\t\t\t\t<div class=\"elementor-widget-container\">\n\t\t\t\t\t\t\t\t\t<p>info@catsitting-relax.ch<\/p>\t\t\t\t\t\t\t\t<\/div>\n\t\t\t\t<\/div>\n\t\t\t\t\t<\/div>\n\t\t<\/div>\n\t\t\t\t\t<\/div>\n\t\t<\/section>\n\t\t\t\t<section class=\"elementor-section elementor-top-section elementor-element elementor-element-faaecc2 elementor-section-boxed elementor-section-height-default elementor-section-height-default\" data-id=\"faaecc2\" data-element_type=\"section\" data-e-type=\"section\" data-settings=\"{&quot;background_background&quot;:&quot;classic&quot;}\">\n\t\t\t\t\t\t\t<div class=\"elementor-background-overlay\"><\/div>\n\t\t\t\t\t\t\t<div class=\"elementor-container elementor-column-gap-default\">\n\t\t\t\t\t<div class=\"elementor-column elementor-col-100 elementor-top-column elementor-element elementor-element-9957d4e\" data-id=\"9957d4e\" data-element_type=\"column\" data-e-type=\"column\">\n\t\t\t<div class=\"elementor-widget-wrap elementor-element-populated\">\n\t\t\t\t\t\t<div class=\"elementor-element elementor-element-9f4aff0 elementor-widget elementor-widget-spacer\" data-id=\"9f4aff0\" data-element_type=\"widget\" data-e-type=\"widget\" data-widget_type=\"spacer.default\">\n\t\t\t\t<div class=\"elementor-widget-container\">\n\t\t\t\t\t\t\t<div class=\"elementor-spacer\">\n\t\t\t<div class=\"elementor-spacer-inner\"><\/div>\n\t\t<\/div>\n\t\t\t\t\t\t<\/div>\n\t\t\t\t<\/div>\n\t\t\t\t<div class=\"elementor-element elementor-element-5a7a267 elementor-widget elementor-widget-heading\" data-id=\"5a7a267\" data-element_type=\"widget\" data-e-type=\"widget\" data-widget_type=\"heading.default\">\n\t\t\t\t<div class=\"elementor-widget-container\">\n\t\t\t\t\t<h3 class=\"elementor-heading-title elementor-size-default\">Wir stellen uns vor<\/h3>\t\t\t\t<\/div>\n\t\t\t\t<\/div>\n\t\t\t\t<section class=\"elementor-section elementor-inner-section elementor-element elementor-element-efeccc2 elementor-section-boxed elementor-section-height-default elementor-section-height-default\" data-id=\"efeccc2\" data-element_type=\"section\" data-e-type=\"section\">\n\t\t\t\t\t\t<div class=\"elementor-container elementor-column-gap-default\">\n\t\t\t\t\t<div class=\"elementor-column elementor-col-33 elementor-inner-column elementor-element elementor-element-f169f37\" data-id=\"f169f37\" data-element_type=\"column\" data-e-type=\"column\">\n\t\t\t<div class=\"elementor-widget-wrap elementor-element-populated\">\n\t\t\t\t\t\t<div class=\"elementor-element elementor-element-35c9781 elementor-widget elementor-widget-image\" data-id=\"35c9781\" data-element_type=\"widget\" data-e-type=\"widget\" data-widget_type=\"image.default\">\n\t\t\t\t<div class=\"elementor-widget-container\">\n\t\t\t\t\t\t\t\t\t\t\t\t\t\t\t<img decoding=\"async\" src=\"https:\/\/staging.catsitting-relax.ch\/wp-content\/uploads\/elementor\/thumbs\/Photo-Juerg-002-pr307n6orr7xplf1e69umebae23ec1v2k99crsnpow.jpg\" title=\"Photo J\u00fcrg (002)\" alt=\"Photo J\u00fcrg (002)\" loading=\"lazy\" \/>\t\t\t\t\t\t\t\t\t\t\t\t\t\t\t<\/div>\n\t\t\t\t<\/div>\n\t\t\t\t<div class=\"elementor-element elementor-element-d98bf77 elementor-position-top elementor-widget elementor-widget-image-box\" data-id=\"d98bf77\" data-element_type=\"widget\" data-e-type=\"widget\" data-widget_type=\"image-box.default\">\n\t\t\t\t<div class=\"elementor-widget-container\">\n\t\t\t\t\t<div class=\"elementor-image-box-wrapper\"><figure class=\"elementor-image-box-img\"><img fetchpriority=\"high\" decoding=\"async\" width=\"1920\" height=\"2560\" src=\"https:\/\/staging.catsitting-relax.ch\/wp-content\/uploads\/2022\/06\/Juerg-und-Katzenbaby-smile2-scaled.jpg\" class=\"attachment-full size-full wp-image-1579\" alt=\"\" srcset=\"https:\/\/staging.catsitting-relax.ch\/wp-content\/uploads\/2022\/06\/Juerg-und-Katzenbaby-smile2-scaled.jpg 1920w, https:\/\/staging.catsitting-relax.ch\/wp-content\/uploads\/2022\/06\/Juerg-und-Katzenbaby-smile2-225x300.jpg 225w, https:\/\/staging.catsitting-relax.ch\/wp-content\/uploads\/2022\/06\/Juerg-und-Katzenbaby-smile2-768x1024.jpg 768w, https:\/\/staging.catsitting-relax.ch\/wp-content\/uploads\/2022\/06\/Juerg-und-Katzenbaby-smile2-600x800.jpg 600w, https:\/\/staging.catsitting-relax.ch\/wp-content\/uploads\/2022\/06\/Juerg-und-Katzenbaby-smile2-1152x1536.jpg 1152w, https:\/\/staging.catsitting-relax.ch\/wp-content\/uploads\/2022\/06\/Juerg-und-Katzenbaby-smile2-1536x2048.jpg 1536w, https:\/\/staging.catsitting-relax.ch\/wp-content\/uploads\/2022\/06\/Juerg-und-Katzenbaby-smile2-1140x1520.jpg 1140w\" sizes=\"(max-width: 1920px) 100vw, 1920px\" \/><\/figure><div class=\"elementor-image-box-content\"><h3 class=\"elementor-image-box-title\">J\u00fcrg Fischer<\/h3><p class=\"elementor-image-box-description\">Inhaber<br>Tierbetreuer Kynologie Schweiz GmbH<br>Bewilligung Nr. 18_0019.1<\/p><\/div><\/div>\t\t\t\t<\/div>\n\t\t\t\t<\/div>\n\t\t\t\t<div class=\"elementor-element elementor-element-b01c751 elementor-widget-divider--view-line elementor-widget elementor-widget-divider\" data-id=\"b01c751\" data-element_type=\"widget\" data-e-type=\"widget\" data-widget_type=\"divider.default\">\n\t\t\t\t<div class=\"elementor-widget-container\">\n\t\t\t\t\t\t\t<div class=\"elementor-divider\">\n\t\t\t<span class=\"elementor-divider-separator\">\n\t\t\t\t\t\t<\/span>\n\t\t<\/div>\n\t\t\t\t\t\t<\/div>\n\t\t\t\t<\/div>\n\t\t\t\t<div class=\"elementor-element elementor-element-871783f elementor-widget elementor-widget-text-editor\" data-id=\"871783f\" data-element_type=\"widget\" data-e-type=\"widget\" data-widget_type=\"text-editor.default\">\n\t\t\t\t<div class=\"elementor-widget-container\">\n\t\t\t\t\t\t\t\t\t<p>Ich liebe Katzen! Und dies von Kindesbeinen an, weshalb ich auch immer viele KATZENkinder hatte.<\/p><p>Deshalb weiss ich auch sehr genau, wie wichtig die Katzenbetreuung in den Ferien ist. Denn in den Ferien erholen und meine Ferien geniessen konnte ich jeweils nur, wenn ich wusste, dass unsere Lieblinge in guten H\u00e4nden und rundum gut betreut sind.<\/p><p>UND genau dies mache ich f\u00fcr Sie m\u00f6glich. Sie sollen sich erholen und Ihre Ferien geniessen k\u00f6nnen, denn Ihre Katzen sind bei uns in GUTEN H\u00e4nden.<\/p><p><strong>Wer ist uns? <\/strong><\/p><p>Meine Frau, ebenfalls eine grosse Katzen- und eine grosse Gartenliebhaberin unterst\u00fctzt mich bei der Betreuung Ihrer Lieblinge und falls gew\u00fcnscht, bei der Betreuung Ihrer Wohnung, respektive Ihres Hauses.<\/p>\t\t\t\t\t\t\t\t<\/div>\n\t\t\t\t<\/div>\n\t\t\t\t\t<\/div>\n\t\t<\/div>\n\t\t\t\t<div class=\"elementor-column elementor-col-33 elementor-inner-column elementor-element elementor-element-a44b5f2\" data-id=\"a44b5f2\" data-element_type=\"column\" data-e-type=\"column\">\n\t\t\t<div class=\"elementor-widget-wrap elementor-element-populated\">\n\t\t\t\t\t\t<div class=\"elementor-element elementor-element-0459024 elementor-widget-divider--view-line elementor-widget elementor-widget-divider\" data-id=\"0459024\" data-element_type=\"widget\" data-e-type=\"widget\" data-widget_type=\"divider.default\">\n\t\t\t\t<div class=\"elementor-widget-container\">\n\t\t\t\t\t\t\t<div class=\"elementor-divider\">\n\t\t\t<span class=\"elementor-divider-separator\">\n\t\t\t\t\t\t<\/span>\n\t\t<\/div>\n\t\t\t\t\t\t<\/div>\n\t\t\t\t<\/div>\n\t\t\t\t<div class=\"elementor-element elementor-element-db30734 elementor-align-center elementor-widget elementor-widget-button\" data-id=\"db30734\" data-element_type=\"widget\" data-e-type=\"widget\" data-widget_type=\"button.default\">\n\t\t\t\t<div class=\"elementor-widget-container\">\n\t\t\t\t\t\t\t\t\t<div class=\"elementor-button-wrapper\">\n\t\t\t\t\t<a class=\"elementor-button elementor-button-link elementor-size-sm elementor-animation-grow\" href=\"https:\/\/staging.catsitting-relax.ch\/index.php\/katzenbetreuung-in-ihrem-zuhause\/\">\n\t\t\t\t\t\t<span class=\"elementor-button-content-wrapper\">\n\t\t\t\t\t\t<span class=\"elementor-button-icon\">\n\t\t\t\t<i aria-hidden=\"true\" class=\"fas fa-cat\"><\/i>\t\t\t<\/span>\n\t\t\t\t\t\t\t\t\t<span class=\"elementor-button-text\">Unser Angebot und Preis Katzenbetreuung Zuhause<\/span>\n\t\t\t\t\t<\/span>\n\t\t\t\t\t<\/a>\n\t\t\t\t<\/div>\n\t\t\t\t\t\t\t\t<\/div>\n\t\t\t\t<\/div>\n\t\t\t\t<div class=\"elementor-element elementor-element-ca995c4 elementor-align-center elementor-widget elementor-widget-button\" data-id=\"ca995c4\" data-element_type=\"widget\" data-e-type=\"widget\" data-widget_type=\"button.default\">\n\t\t\t\t<div class=\"elementor-widget-container\">\n\t\t\t\t\t\t\t\t\t<div class=\"elementor-button-wrapper\">\n\t\t\t\t\t<a class=\"elementor-button elementor-button-link elementor-size-sm elementor-animation-grow\" href=\"https:\/\/staging.catsitting-relax.ch\/index.php\/zusatzleistungen\/\">\n\t\t\t\t\t\t<span class=\"elementor-button-content-wrapper\">\n\t\t\t\t\t\t<span class=\"elementor-button-icon\">\n\t\t\t\t<i aria-hidden=\"true\" class=\"fas fa-cart-plus\"><\/i>\t\t\t<\/span>\n\t\t\t\t\t\t\t\t\t<span class=\"elementor-button-text\">Unser Angebot und Preis Zusatzleistungen<\/span>\n\t\t\t\t\t<\/span>\n\t\t\t\t\t<\/a>\n\t\t\t\t<\/div>\n\t\t\t\t\t\t\t\t<\/div>\n\t\t\t\t<\/div>\n\t\t\t\t<div class=\"elementor-element elementor-element-55b01cf elementor-align-center elementor-widget elementor-widget-button\" data-id=\"55b01cf\" data-element_type=\"widget\" data-e-type=\"widget\" data-widget_type=\"button.default\">\n\t\t\t\t<div class=\"elementor-widget-container\">\n\t\t\t\t\t\t\t\t\t<div class=\"elementor-button-wrapper\">\n\t\t\t\t\t<a class=\"elementor-button elementor-button-link elementor-size-sm elementor-animation-grow\" href=\"https:\/\/staging.catsitting-relax.ch\/\">\n\t\t\t\t\t\t<span class=\"elementor-button-content-wrapper\">\n\t\t\t\t\t\t<span class=\"elementor-button-icon\">\n\t\t\t\t<i aria-hidden=\"true\" class=\"fas fa-home\"><\/i>\t\t\t<\/span>\n\t\t\t\t\t\t\t\t\t<span class=\"elementor-button-text\">Home<\/span>\n\t\t\t\t\t<\/span>\n\t\t\t\t\t<\/a>\n\t\t\t\t<\/div>\n\t\t\t\t\t\t\t\t<\/div>\n\t\t\t\t<\/div>\n\t\t\t\t\t<\/div>\n\t\t<\/div>\n\t\t\t\t<div class=\"elementor-column elementor-col-33 elementor-inner-column elementor-element elementor-element-4e3e4cd\" data-id=\"4e3e4cd\" data-element_type=\"column\" data-e-type=\"column\">\n\t\t\t<div class=\"elementor-widget-wrap elementor-element-populated\">\n\t\t\t\t\t\t<div class=\"elementor-element elementor-element-f389433 elementor-widget elementor-widget-image\" data-id=\"f389433\" data-element_type=\"widget\" data-e-type=\"widget\" data-widget_type=\"image.default\">\n\t\t\t\t<div class=\"elementor-widget-container\">\n\t\t\t\t\t\t\t\t\t\t\t\t\t\t\t<img decoding=\"async\" src=\"https:\/\/staging.catsitting-relax.ch\/wp-content\/uploads\/elementor\/thumbs\/2015-11-06-12.15.09-pr2vjuzslls2zri08v704irkwk8emp4sbg65nfc4co.gif\" title=\"2015-11-06 12.15.09\" alt=\"2015-11-06 12.15.09\" loading=\"lazy\" \/>\t\t\t\t\t\t\t\t\t\t\t\t\t\t\t<\/div>\n\t\t\t\t<\/div>\n\t\t\t\t<div class=\"elementor-element elementor-element-f330d65 elementor-position-top elementor-widget elementor-widget-image-box\" data-id=\"f330d65\" data-element_type=\"widget\" data-e-type=\"widget\" data-widget_type=\"image-box.default\">\n\t\t\t\t<div class=\"elementor-widget-container\">\n\t\t\t\t\t<div class=\"elementor-image-box-wrapper\"><figure class=\"elementor-image-box-img\"><img decoding=\"async\" width=\"2149\" height=\"2560\" src=\"https:\/\/staging.catsitting-relax.ch\/wp-content\/uploads\/2022\/07\/Sidus-auf-Helenas-Arm_Zuschnitt-scaled.jpg\" class=\"attachment-full size-full wp-image-1874\" alt=\"\" srcset=\"https:\/\/staging.catsitting-relax.ch\/wp-content\/uploads\/2022\/07\/Sidus-auf-Helenas-Arm_Zuschnitt-scaled.jpg 2149w, https:\/\/staging.catsitting-relax.ch\/wp-content\/uploads\/2022\/07\/Sidus-auf-Helenas-Arm_Zuschnitt-252x300.jpg 252w, https:\/\/staging.catsitting-relax.ch\/wp-content\/uploads\/2022\/07\/Sidus-auf-Helenas-Arm_Zuschnitt-860x1024.jpg 860w, https:\/\/staging.catsitting-relax.ch\/wp-content\/uploads\/2022\/07\/Sidus-auf-Helenas-Arm_Zuschnitt-768x915.jpg 768w, https:\/\/staging.catsitting-relax.ch\/wp-content\/uploads\/2022\/07\/Sidus-auf-Helenas-Arm_Zuschnitt-600x715.jpg 600w, https:\/\/staging.catsitting-relax.ch\/wp-content\/uploads\/2022\/07\/Sidus-auf-Helenas-Arm_Zuschnitt-1289x1536.jpg 1289w, https:\/\/staging.catsitting-relax.ch\/wp-content\/uploads\/2022\/07\/Sidus-auf-Helenas-Arm_Zuschnitt-1719x2048.jpg 1719w, https:\/\/staging.catsitting-relax.ch\/wp-content\/uploads\/2022\/07\/Sidus-auf-Helenas-Arm_Zuschnitt-1140x1358.jpg 1140w\" sizes=\"(max-width: 2149px) 100vw, 2149px\" \/><\/figure><div class=\"elementor-image-box-content\"><h3 class=\"elementor-image-box-title\">Helena Schamberger Fischer<\/h3><p class=\"elementor-image-box-description\">Mitinhaberin<\/p><\/div><\/div>\t\t\t\t<\/div>\n\t\t\t\t<\/div>\n\t\t\t\t<div class=\"elementor-element elementor-element-4c6c2be elementor-widget elementor-widget-image-box\" data-id=\"4c6c2be\" data-element_type=\"widget\" data-e-type=\"widget\" data-widget_type=\"image-box.default\">\n\t\t\t\t<div class=\"elementor-widget-container\">\n\t\t\t\t\t<div class=\"elementor-image-box-wrapper\"><div class=\"elementor-image-box-content\"><h3 class=\"elementor-image-box-title\">Ich unterst\u00fctze wo immer ich kann!<\/h3><p class=\"elementor-image-box-description\">Auch ich bin mit Katzen aufgewachsen und konnte mir ein Leben ohne diese Herzen in Fell nie vorstellen. \n\nDoch auch ich reise gerne, weshalb ich unsere Katzen oft mit einem schlechten gewissen zuhause lassen musste. Dank lieben Menschen, welche unsere Lieblinge in unserer Abwesenheit so wunderbar betreut haben, konnte ich unsere Reisen dennoch geniessen. <br>UND dies sollen auch Sie k\u00f6nnen! Daf\u00fcr sorgen wir, indem wir Ihre Lieblinge w\u00e4hrend Ihrer Abwesenheit mit viel Liebe betreuen. <br>\n\nDamit Sie und Ihre Katzen eine relaxte Ferienzeit geniessen!<\/p><\/div><\/div>\t\t\t\t<\/div>\n\t\t\t\t<\/div>\n\t\t\t\t\t<\/div>\n\t\t<\/div>\n\t\t\t\t\t<\/div>\n\t\t<\/section>\n\t\t\t\t\t<\/div>\n\t\t<\/div>\n\t\t\t\t\t<\/div>\n\t\t<\/section>\n\t\t\t\t<\/div>\n\t\t","protected":false},"excerpt":{"rendered":"<p>catsitting-relax Spottenbergstrasse 27 8535 Herdern 079 542 20 33 info@catsitting-relax.ch Wir stellen uns vor J\u00fcrg Fischer InhaberTierbetreuer Kynologie Schweiz GmbHBewilligung Nr. 18_0019.1 Ich liebe Katzen! Und dies von Kindesbeinen an, weshalb ich auch immer viele KATZENkinder hatte. Deshalb weiss ich auch sehr genau, wie wichtig die Katzenbetreuung in den Ferien ist. Denn in den Ferien erholen und meine Ferien geniessen konnte ich jeweils nur, wenn ich wusste, dass unsere Lieblinge in guten H\u00e4nden und rundum gut betreut sind. UND genau dies mache ich f\u00fcr Sie m\u00f6glich. Sie sollen sich erholen und Ihre Ferien geniessen k\u00f6nnen, denn Ihre Katzen sind bei uns in GUTEN H\u00e4nden. Wer ist uns? Meine Frau, ebenfalls eine grosse Katzen- und eine grosse Gartenliebhaberin unterst\u00fctzt mich bei der Betreuung Ihrer Lieblinge und falls gew\u00fcnscht, bei der Betreuung Ihrer Wohnung, respektive Ihres Hauses. Unser Angebot und Preis Katzenbetreuung Zuhause Unser Angebot und Preis Zusatzleistungen Home Helena Schamberger Fischer Mitinhaberin Ich unterst\u00fctze wo immer ich kann! Auch ich bin mit Katzen aufgewachsen und konnte mir ein Leben ohne diese Herzen in Fell nie vorstellen. Doch auch ich reise gerne, weshalb ich unsere Katzen oft mit einem schlechten gewissen zuhause lassen musste. Dank lieben Menschen, welche unsere Lieblinge in unserer Abwesenheit so wunderbar betreut haben, konnte ich unsere Reisen dennoch geniessen. UND dies sollen auch Sie k\u00f6nnen! Daf\u00fcr sorgen wir, indem wir Ihre Lieblinge w\u00e4hrend Ihrer Abwesenheit mit viel Liebe betreuen. Damit Sie und Ihre Katzen eine relaxte Ferienzeit geniessen!<\/p>\n","protected":false},"author":2,"featured_media":0,"parent":0,"menu_order":0,"comment_status":"closed","ping_status":"closed","template":"elementor_header_footer","meta":{"footnotes":""},"class_list":["post-753","page","type-page","status-publish","hentry"],"_links":{"self":[{"href":"https:\/\/staging.catsitting-relax.ch\/index.php\/wp-json\/wp\/v2\/pages\/753","targetHints":{"allow":["GET"]}}],"collection":[{"href":"https:\/\/staging.catsitting-relax.ch\/index.php\/wp-json\/wp\/v2\/pages"}],"about":[{"href":"https:\/\/staging.catsitting-relax.ch\/index.php\/wp-json\/wp\/v2\/types\/page"}],"author":[{"embeddable":true,"href":"https:\/\/staging.catsitting-relax.ch\/index.php\/wp-json\/wp\/v2\/users\/2"}],"replies":[{"embeddable":true,"href":"https:\/\/staging.catsitting-relax.ch\/index.php\/wp-json\/wp\/v2\/comments?post=753"}],"version-history":[{"count":224,"href":"https:\/\/staging.catsitting-relax.ch\/index.php\/wp-json\/wp\/v2\/pages\/753\/revisions"}],"predecessor-version":[{"id":3051,"href":"https:\/\/staging.catsitting-relax.ch\/index.php\/wp-json\/wp\/v2\/pages\/753\/revisions\/3051"}],"wp:attachment":[{"href":"https:\/\/staging.catsitting-relax.ch\/index.php\/wp-json\/wp\/v2\/media?parent=753"}],"curies":[{"name":"wp","href":"https:\/\/api.w.org\/{rel}","templated":true}]}}